{"id":176,"date":"2017-03-21T10:51:38","date_gmt":"2017-03-21T09:51:38","guid":{"rendered":"http:\/\/universdelapiscine.com\/?page_id=176"},"modified":"2017-03-28T09:29:42","modified_gmt":"2017-03-28T07:29:42","slug":"etancheite","status":"publish","type":"page","link":"https:\/\/universdelapiscine.com\/index.php\/etancheite\/","title":{"rendered":"Etanch\u00e9it\u00e9"},"content":{"rendered":"<h2 class=\"titre_h2\" style=\"text-align: center;\"><strong>Liner de piscine\u00a0<\/strong><\/h2>\n<p style=\"text-align: center;\">Le liner de piscine, c&rsquo;est le rev\u00eatement-phare des piscines enterr\u00e9es et hors-sols. Constitu\u00e9 de feuilles de PVC assembl\u00e9es entre elles, cette poche \u00e9tanche nous garantit de belles baignades tout en prot\u00e9geant votre bassin.<\/p>\n<p style=\"text-align: center;\">Les <strong>points forts du liner\u00a0<\/strong>? Tout d&rsquo;abord, le fait qu&rsquo;il s&rsquo;adapte parfaitement \u00e0 tous les types de piscines (piscines creus\u00e9es, piscines semi-enterr\u00e9es, piscines hors-sol), quelles que soient leur taille et leur forme (formes standards ou libres). C&rsquo;est vraiment le rev\u00eatement multi-usages\u00a0!<\/p>\n<p style=\"text-align: center;\">Ensuite, gr\u00e2ce aux traitements qu&rsquo;il re\u00e7oit lors de sa fabrication (anti-algues, anti-UV), le liner est un rev\u00eatement <strong>r\u00e9sistant<\/strong>, qui n&rsquo;a pas besoin de beaucoup d&rsquo;entretien, mais se remplace tous les 10 ans.<\/p>\n<p style=\"text-align: center;\">Question <strong>coloris<\/strong>, le liner peut r\u00e9pondre \u00e0 toutes nos envies\u00a0: le panel des coloris est on ne peut plus large\u00a0!<\/p>\n<p style=\"text-align: center;\">Le choix de coloris du liner donne \u00e9galement sa couleur \u00e0 l&rsquo;eau<\/p>\n<p style=\"text-align: center;\">Exemple de couleur<\/p>\n<p style=\"text-align: center;\">[powr-image-slider id=b42623ce_1490090748510]<\/p>\n<p style=\"text-align: center;\">Pose d&rsquo;un Liner<\/p>\n<p style=\"text-align: center;\">[powr-image-slider id=1622ce27_1490354126576]<\/p>\n<h2 class=\"titre_h2\" style=\"text-align: center;\"><strong>Membrane arm\u00e9e de piscine\u00a0<\/strong><\/h2>\n<p style=\"text-align: center;\"><strong>La membrane arm\u00e9e<\/strong>\u00a0de piscine (ou membrane en PVC arm\u00e9) est rev\u00eatement de piscine qui, une fois pos\u00e9, ressemble quelque peu au liner\u00a0! Mais en raison de sa composition, elle pr\u00e9sente 2 gros avantages par rapport \u00e0 celui-ci.<\/p>\n<p style=\"text-align: center;\">En effet, comme la membrane arm\u00e9e de piscine est en g\u00e9n\u00e9ral compos\u00e9e d&rsquo;<strong>une armature en fibres de polyester<\/strong> recouverte de <strong>deux couches de PVC,<\/strong> elle est <strong>plus solide<\/strong> que le liner, et pr\u00e9sente une dur\u00e9e de vie moyenne de 15 ans contre 10. Elle est \u00e9galement plus \u00e9paisse que le liner (1,5 mm d&rsquo;\u00e9paisseur contre 0,75 mm pour le liner) ce qui est int\u00e9ressant d&rsquo;un point de vue r\u00e9sistance.<\/p>\n<p style=\"text-align: center;\">Gr\u00e2ce \u00e0 son \u00e9paisseur et de par sa composition, la membrane arm\u00e9e garantit \u00e0 notre bassin une \u00e9tanch\u00e9it\u00e9 optimale. De plus, le processus de fabrication des membranes en PVC comprend \u00e9galement un traitement anti-algues et anti-UV, pour qu&rsquo;elles ne se d\u00e9gradent pas au fur et \u00e0 mesures du temps et des baignades.<\/p>\n<p style=\"text-align: center;\">Enfin, la membrane arm\u00e9e est un rev\u00eatement tout aussi esth\u00e9tique que le liner\u00a0: l&rsquo;univers de la piscine peut vous proposer\u00a0des mod\u00e8les unis classiques, des couleurs plus sp\u00e9ciales, ou des membranes arm\u00e9es imitation pierre ou bois.<\/p>\n<p style=\"text-align: center;\">\u00a0[powr-image-slider id=ae256a76_1490353651246]<\/p>\n","protected":false},"excerpt":{"rendered":"<p>Liner de piscine\u00a0 Le liner de piscine, c&rsquo;est le rev\u00eatement-phare des piscines enterr\u00e9es et hors-sols. Constitu\u00e9 de feuilles de PVC assembl\u00e9es entre elles, cette poche \u00e9tanche nous garantit de belles &#8230;<\/p>\n","protected":false},"author":1,"featured_media":0,"parent":0,"menu_order":0,"comment_status":"closed","ping_status":"closed","template":"","meta":{"jetpack_post_was_ever_published":false,"footnotes":""},"class_list":["post-176","page","type-page","status-publish","hentry"],"jetpack_sharing_enabled":true,"jetpack_shortlink":"https:\/\/wp.me\/P8yFWr-2Q","jetpack-related-posts":[],"_links":{"self":[{"href":"https:\/\/universdelapiscine.com\/index.php\/wp-json\/wp\/v2\/pages\/176","targetHints":{"allow":["GET"]}}],"collection":[{"href":"https:\/\/universdelapiscine.com\/index.php\/wp-json\/wp\/v2\/pages"}],"about":[{"href":"https:\/\/universdelapiscine.com\/index.php\/wp-json\/wp\/v2\/types\/page"}],"author":[{"embeddable":true,"href":"https:\/\/universdelapiscine.com\/index.php\/wp-json\/wp\/v2\/users\/1"}],"replies":[{"embeddable":true,"href":"https:\/\/universdelapiscine.com\/index.php\/wp-json\/wp\/v2\/comments?post=176"}],"version-history":[{"count":14,"href":"https:\/\/universdelapiscine.com\/index.php\/wp-json\/wp\/v2\/pages\/176\/revisions"}],"predecessor-version":[{"id":263,"href":"https:\/\/universdelapiscine.com\/index.php\/wp-json\/wp\/v2\/pages\/176\/revisions\/263"}],"wp:attachment":[{"href":"https:\/\/universdelapiscine.com\/index.php\/wp-json\/wp\/v2\/media?parent=176"}],"curies":[{"name":"wp","href":"https:\/\/api.w.org\/{rel}","templated":true}]}}