{"id":18,"date":"2017-03-14T15:11:11","date_gmt":"2017-03-14T14:11:11","guid":{"rendered":"http:\/\/universdelapiscine.com\/?page_id=18"},"modified":"2025-02-04T15:13:24","modified_gmt":"2025-02-04T14:13:24","slug":"contact","status":"publish","type":"page","link":"https:\/\/universdelapiscine.com\/index.php\/contact\/","title":{"rendered":"Contact"},"content":{"rendered":"<p>[powr-contact-form id=2f8f1ea8_1490025432913]<\/p>\n<p><strong>Notre adresse :<\/strong><\/p>\n<p>Univers de la piscine<\/p>\n<p>Piscine FERR\u00c9<\/p>\n<p>152 Route de Lozanne<\/p>\n<p>69380 Chazay d&rsquo;azergues<\/p>\n<p><strong>Mail :<\/strong><\/p>\n<p>Contact@universdelapiscine.com<\/p>\n<p><strong>T\u00e9l\u00e9phone :<\/strong><\/p>\n<p>06 95 08 80 68<\/p>\n<div class='powr-map' id='acc94925_1490096299083'><\/div>\n","protected":false},"excerpt":{"rendered":"<p>[powr-contact-form id=2f8f1ea8_1490025432913] Notre adresse : Univers de la piscine Piscine FERR\u00c9 152 Route de Lozanne 69380 Chazay d&rsquo;azergues Mail : Contact@universdelapiscine.com T\u00e9l\u00e9phone : 06 95 08 80 68<\/p>\n","protected":false},"author":1,"featured_media":13,"parent":0,"menu_order":0,"comment_status":"closed","ping_status":"closed","template":"","meta":{"jetpack_post_was_ever_published":false,"footnotes":""},"class_list":["post-18","page","type-page","status-publish","has-post-thumbnail","hentry"],"jetpack_sharing_enabled":true,"jetpack_shortlink":"https:\/\/wp.me\/P8yFWr-i","jetpack-related-posts":[],"_links":{"self":[{"href":"https:\/\/universdelapiscine.com\/index.php\/wp-json\/wp\/v2\/pages\/18","targetHints":{"allow":["GET"]}}],"collection":[{"href":"https:\/\/universdelapiscine.com\/index.php\/wp-json\/wp\/v2\/pages"}],"about":[{"href":"https:\/\/universdelapiscine.com\/index.php\/wp-json\/wp\/v2\/types\/page"}],"author":[{"embeddable":true,"href":"https:\/\/universdelapiscine.com\/index.php\/wp-json\/wp\/v2\/users\/1"}],"replies":[{"embeddable":true,"href":"https:\/\/universdelapiscine.com\/index.php\/wp-json\/wp\/v2\/comments?post=18"}],"version-history":[{"count":16,"href":"https:\/\/universdelapiscine.com\/index.php\/wp-json\/wp\/v2\/pages\/18\/revisions"}],"predecessor-version":[{"id":412,"href":"https:\/\/universdelapiscine.com\/index.php\/wp-json\/wp\/v2\/pages\/18\/revisions\/412"}],"wp:featuredmedia":[{"embeddable":true,"href":"https:\/\/universdelapiscine.com\/index.php\/wp-json\/wp\/v2\/media\/13"}],"wp:attachment":[{"href":"https:\/\/universdelapiscine.com\/index.php\/wp-json\/wp\/v2\/media?parent=18"}],"curies":[{"name":"wp","href":"https:\/\/api.w.org\/{rel}","templated":true}]}}