{"id":242,"date":"2017-03-24T19:32:41","date_gmt":"2017-03-24T18:32:41","guid":{"rendered":"http:\/\/universdelapiscine.com\/?page_id=242"},"modified":"2025-02-04T21:25:20","modified_gmt":"2025-02-04T20:25:20","slug":"detection-de-fuite","status":"publish","type":"page","link":"https:\/\/universdelapiscine.com\/index.php\/detection-de-fuite\/","title":{"rendered":"D\u00e9tection de fuite"},"content":{"rendered":"<h2 style=\"text-align: center;\">D\u00e9tection de fuite<\/h2>\n<p>&nbsp;<\/p>\n<h3 style=\"text-align: center;\"><strong>Fuite ou \u00e9vaporation naturelle ? telle est la question .<\/strong><\/h3>\n<p><a href=\"https:\/\/i0.wp.com\/universdelapiscine.com\/wp-content\/uploads\/2017\/03\/eau.webp\"><img data-recalc-dims=\"1\" loading=\"lazy\" decoding=\"async\" data-attachment-id=\"243\" data-permalink=\"https:\/\/universdelapiscine.com\/index.php\/detection-de-fuite\/eau\/\" data-orig-file=\"https:\/\/i0.wp.com\/universdelapiscine.com\/wp-content\/uploads\/2017\/03\/eau.webp?fit=673%2C556&amp;ssl=1\" data-orig-size=\"673,556\" data-comments-opened=\"1\" data-image-meta=\"{&quot;aperture&quot;:&quot;0&quot;,&quot;credit&quot;:&quot;&quot;,&quot;camera&quot;:&quot;&quot;,&quot;caption&quot;:&quot;&quot;,&quot;created_timestamp&quot;:&quot;0&quot;,&quot;copyright&quot;:&quot;&quot;,&quot;focal_length&quot;:&quot;0&quot;,&quot;iso&quot;:&quot;0&quot;,&quot;shutter_speed&quot;:&quot;0&quot;,&quot;title&quot;:&quot;&quot;,&quot;orientation&quot;:&quot;1&quot;}\" data-image-title=\"eau\" data-image-description=\"\" data-image-caption=\"\" data-medium-file=\"https:\/\/i0.wp.com\/universdelapiscine.com\/wp-content\/uploads\/2017\/03\/eau.webp?fit=300%2C248&amp;ssl=1\" data-large-file=\"https:\/\/i0.wp.com\/universdelapiscine.com\/wp-content\/uploads\/2017\/03\/eau.webp?fit=673%2C556&amp;ssl=1\" class=\"aligncenter wp-image-243\" src=\"https:\/\/i0.wp.com\/universdelapiscine.com\/wp-content\/uploads\/2017\/03\/eau.webp?resize=344%2C284\" alt=\"\" width=\"344\" height=\"284\" srcset=\"https:\/\/i0.wp.com\/universdelapiscine.com\/wp-content\/uploads\/2017\/03\/eau.webp?resize=300%2C248&amp;ssl=1 300w, https:\/\/i0.wp.com\/universdelapiscine.com\/wp-content\/uploads\/2017\/03\/eau.webp?w=673&amp;ssl=1 673w\" sizes=\"auto, (max-width: 344px) 100vw, 344px\" \/><\/a><\/p>\n<p>C&rsquo;est la question de nombreux propri\u00e9taires de piscine.<\/p>\n<p>L&rsquo;\u00e9vaporation de l&rsquo;eau de piscine est un ph\u00e9nom\u00e8ne courant qui est <strong>provoqu\u00e9 par une diff\u00e9rence entre la\u00a0temp\u00e9rature de\u00a0l&rsquo;eau de la piscine et la temp\u00e9rature de l&rsquo;air<\/strong>, c&rsquo;est pourquoi afin de limiter ce ph\u00e9nom\u00e8ne <strong>il est conseill\u00e9 de couvrir le bassin la nuit<\/strong>. En effet l&rsquo;eau a accumul\u00e9 la chaleur du soleil toute la journ\u00e9e et la nuit la temp\u00e9rature de l&rsquo;air descend, c&rsquo;est donc \u00e0 ce moment que l&rsquo;on a le delta le plus grand, et ainsi l\u2019\u00e9vaporation la plus importante.<\/p>\n<p>Un <strong>catalyseur\u00a0de l&rsquo;\u00e9vaporation est le vent<\/strong> en effet, celui-ci accentue le ph\u00e9nom\u00e8ne. ainsi lorsque les diff\u00e9rence de temp\u00e9rature sont importantes et que le vent s&rsquo;en m\u00eale, <strong>on peut perdre jusqu&rsquo;\u00e0 1 cm en une journ\u00e9e.<\/strong><\/p>\n<p>Des doutes ?<\/p>\n<p><strong>TEST 1*<\/strong><\/p>\n<p>il existe un <strong>test simple afin de savoir s&rsquo;il s&rsquo;agit d&rsquo;une fuite ou d&rsquo;une \u00e9vaporation naturelle<\/strong>. Il suffit de\u00a0placer un seau dans l&rsquo;escalier de la piscine et le remplir au m\u00eame niveau que celui de votre bassin. il faut d\u00e9sormais un peu de patience et <strong>attendre 48 h <\/strong>(malheureusement quelques heures suffisent parfois \u00e0 avoir une indication rapide, si la fuite est importante)<strong> .\u00a0<\/strong>si au bout de 48 h l&rsquo;eau de la piscine est plus basse mauvaise nouvelle la piscine fuit.<\/p>\n<p><strong>TEST 2 *<\/strong><\/p>\n<p>Si le premier test confirme la fuite. un deuxi\u00e8me permet de r\u00e9pondre\u00a0\u00e0 la question suivante <strong>bassin ou canalisation ?\u00a0<\/strong><\/p>\n<p>Pour cela il suffit de renouveler le test 1 <strong>une premi\u00e8re fois filtration \u00e9teinte<\/strong>, et<strong> une seconde fois filtration en marche continu<\/strong>.<\/p>\n<p>Si la piscine fuit plus lorsque la filtration est en marche, il s&rsquo;agit probablement d&rsquo;un probl\u00e8me du syst\u00e8me hydraulique de la piscine. Si la piscine fuit autant, ce serais plut\u00f4t li\u00e9 \u00e0 un probl\u00e8me au niveau du bassin.<\/p>\n<p>* Ces deux tests sont donn\u00e9s \u00e0 titre indicatifs. Seule un diagnostic r\u00e9alis\u00e9 par un professionnel vous indiquera pr\u00e9cis\u00e9ment et surement, les causes de la fuite.<\/p>\n<h2 style=\"text-align: center;\"><strong>NOTRE PRESTATION<\/strong><\/h2>\n<p>Afin de d\u00e9terminer pr\u00e9cis\u00e9ment le probl\u00e8me. nous proposons une prestation de d\u00e9tection de fuite dans laquelle\u00a0nous effectuerons un diagnostic de la fuite.<\/p>\n<p>Ce diagnostic comprend :<\/p>\n<ul>\n<li>Test de mise en pression de toutes les canalisations<\/li>\n<li>V\u00e9rification des \u00e9l\u00e9ments d&rsquo;\u00e9clairage de la piscine<\/li>\n<li>V\u00e9rification visuel de la structure du bassin<\/li>\n<li>V\u00e9rification de l\u2019\u00e9tanch\u00e9it\u00e9 des pi\u00e8ces a sceller<\/li>\n<\/ul>\n<p>A la suite de celui-ci nous vous \u00e9tablirons un compte rendu\u00a0indiquant les pr\u00e9conisations afin de solutionner le probl\u00e8me<\/p>\n<p>[powr-button id=2acfe333_1490380346995]<\/p>\n<p>[powr-comments id=949ddb1b_1490381019461]<\/p>\n","protected":false},"excerpt":{"rendered":"<p>D\u00e9tection de fuite &nbsp; Fuite ou \u00e9vaporation naturelle ? telle est la question . C&rsquo;est la question de nombreux propri\u00e9taires de piscine. L&rsquo;\u00e9vaporation de l&rsquo;eau de piscine est un ph\u00e9nom\u00e8ne &#8230;<\/p>\n","protected":false},"author":1,"featured_media":0,"parent":0,"menu_order":0,"comment_status":"closed","ping_status":"closed","template":"","meta":{"jetpack_post_was_ever_published":false,"footnotes":""},"class_list":["post-242","page","type-page","status-publish","hentry"],"jetpack_sharing_enabled":true,"jetpack_shortlink":"https:\/\/wp.me\/P8yFWr-3U","jetpack-related-posts":[],"_links":{"self":[{"href":"https:\/\/universdelapiscine.com\/index.php\/wp-json\/wp\/v2\/pages\/242","targetHints":{"allow":["GET"]}}],"collection":[{"href":"https:\/\/universdelapiscine.com\/index.php\/wp-json\/wp\/v2\/pages"}],"about":[{"href":"https:\/\/universdelapiscine.com\/index.php\/wp-json\/wp\/v2\/types\/page"}],"author":[{"embeddable":true,"href":"https:\/\/universdelapiscine.com\/index.php\/wp-json\/wp\/v2\/users\/1"}],"replies":[{"embeddable":true,"href":"https:\/\/universdelapiscine.com\/index.php\/wp-json\/wp\/v2\/comments?post=242"}],"version-history":[{"count":12,"href":"https:\/\/universdelapiscine.com\/index.php\/wp-json\/wp\/v2\/pages\/242\/revisions"}],"predecessor-version":[{"id":433,"href":"https:\/\/universdelapiscine.com\/index.php\/wp-json\/wp\/v2\/pages\/242\/revisions\/433"}],"wp:attachment":[{"href":"https:\/\/universdelapiscine.com\/index.php\/wp-json\/wp\/v2\/media?parent=242"}],"curies":[{"name":"wp","href":"https:\/\/api.w.org\/{rel}","templated":true}]}}