{"id":257,"date":"2017-03-27T16:03:28","date_gmt":"2017-03-27T14:03:28","guid":{"rendered":"http:\/\/universdelapiscine.com\/?page_id=257"},"modified":"2017-03-28T14:30:28","modified_gmt":"2017-03-28T12:30:28","slug":"maintenance","status":"publish","type":"page","link":"https:\/\/universdelapiscine.com\/index.php\/maintenance\/","title":{"rendered":"Maintenance"},"content":{"rendered":"<h3 style=\"text-align: center;\">pour une eau toujours bleu<\/h3>\n<p>&nbsp;<\/p>\n<h3 style=\"text-align: center;\">CHANGEMENT CHARGE FILTRANTE<\/h3>\n<p>[powr-image-slider id=2a2706de_1490623401335]<\/p>\n<p>L&rsquo;univers la piscine s&rsquo;occupe \u00e9galement du <strong>changement de vos charges filtrantes<\/strong> ( sable verre cartouche diatom\u00e9es ).<\/p>\n<p>V\u00e9ritable poumon de votre filtration, votre filtre demande un entretien r\u00e9gulier. Pour les filtres \u00e0 sable ( ou verre), il est fortement recommand\u00e9s d\u2019effectuer <strong>un changement tous les 5 ans de la charge filtrante.<\/strong><\/p>\n<h3 style=\"text-align: center;\">TRAITEMENT AUTOMATIQUE DE L&rsquo;EAU<\/h3>\n<p>[powr-image-slider id=de360019_1490623638894]<\/p>\n<p>Que votre traitement soit <strong>manuel ou automatique<\/strong>, si vous avez \u00a0un probl\u00e8me avec votre traitement, l&rsquo;univers de la piscine s&rsquo;occupe <strong>de l&rsquo;entretien, de la maintenance, du r\u00e9glage et des pi\u00e8ces d\u00e9tach\u00e9es de votre syst\u00e8me de traitement d&rsquo;eau<\/strong> ( \u00e9lectrolyseur, r\u00e9gulation automatique chlorinateur brominateur &#8230;<\/p>\n<h3 style=\"text-align: center;\">PI\u00c8CES D\u00c9TACH\u00c9ES<\/h3>\n<p>[powr-image-slider id=be1b9eac_1490686648593]<\/p>\n<p>Travaillant avec les plus grandes marques, l&rsquo;univers de la piscine peut \u00e9galement vous proposez un grand choix de pi\u00e8ces d\u00e9tach\u00e9es (pompes, robots, filtres, pi\u00e8ces \u00e0 sceller &#8230;.)<\/p>\n<p>&nbsp;<\/p>\n<p>&nbsp;<\/p>\n","protected":false},"excerpt":{"rendered":"<p>pour une eau toujours bleu &nbsp; CHANGEMENT CHARGE FILTRANTE [powr-image-slider id=2a2706de_1490623401335] L&rsquo;univers la piscine s&rsquo;occupe \u00e9galement du changement de vos charges filtrantes ( sable verre cartouche diatom\u00e9es ). V\u00e9ritable poumon &#8230;<\/p>\n","protected":false},"author":1,"featured_media":0,"parent":0,"menu_order":0,"comment_status":"closed","ping_status":"closed","template":"","meta":{"jetpack_post_was_ever_published":false,"footnotes":""},"class_list":["post-257","page","type-page","status-publish","hentry"],"jetpack_sharing_enabled":true,"jetpack_shortlink":"https:\/\/wp.me\/P8yFWr-49","jetpack-related-posts":[],"_links":{"self":[{"href":"https:\/\/universdelapiscine.com\/index.php\/wp-json\/wp\/v2\/pages\/257","targetHints":{"allow":["GET"]}}],"collection":[{"href":"https:\/\/universdelapiscine.com\/index.php\/wp-json\/wp\/v2\/pages"}],"about":[{"href":"https:\/\/universdelapiscine.com\/index.php\/wp-json\/wp\/v2\/types\/page"}],"author":[{"embeddable":true,"href":"https:\/\/universdelapiscine.com\/index.php\/wp-json\/wp\/v2\/users\/1"}],"replies":[{"embeddable":true,"href":"https:\/\/universdelapiscine.com\/index.php\/wp-json\/wp\/v2\/comments?post=257"}],"version-history":[{"count":7,"href":"https:\/\/universdelapiscine.com\/index.php\/wp-json\/wp\/v2\/pages\/257\/revisions"}],"predecessor-version":[{"id":300,"href":"https:\/\/universdelapiscine.com\/index.php\/wp-json\/wp\/v2\/pages\/257\/revisions\/300"}],"wp:attachment":[{"href":"https:\/\/universdelapiscine.com\/index.php\/wp-json\/wp\/v2\/media?parent=257"}],"curies":[{"name":"wp","href":"https:\/\/api.w.org\/{rel}","templated":true}]}}