{"id":345,"date":"2017-03-31T09:35:55","date_gmt":"2017-03-31T07:35:55","guid":{"rendered":"http:\/\/universdelapiscine.com\/?page_id=345"},"modified":"2017-04-18T09:18:11","modified_gmt":"2017-04-18T07:18:11","slug":"volet-automatique-2","status":"publish","type":"page","link":"https:\/\/universdelapiscine.com\/index.php\/volet-automatique-2\/","title":{"rendered":"Volet automatique"},"content":{"rendered":"<h2 style=\"text-align: center;\">VOLET AUTOMATIQUE<\/h2>\n<p>&nbsp;<\/p>\n<p>V\u00e9ritable \u00e9crin de votre piscine et c&rsquo;est la protection phare des piscines, notamment par son esth\u00e9tisme et \u00e0 sa discr\u00e9tion. De plus les atouts du volet automatique sont nombreux. Il sert \u00e0 :<\/p>\n<ul>\n<li><strong>S\u00e9curiser. <\/strong><\/li>\n<\/ul>\n<p><em><strong>Conforme \u00e0 la norme NF 309-308 il prot\u00e9gera vos enfants<\/strong><\/em>, car une fois mis en place et verrouiller c&rsquo;est un \u00e9l\u00e9ment de protection vraiment efficace qui emp\u00eachera les plus petits d&rsquo;acc\u00e9der au bassin, contrairement \u00e0 une alarme qui vous pr\u00e9viendra que quelqu&rsquo;un est d\u00e9j\u00e0 dans l&rsquo;eau.<\/p>\n<ul>\n<li><strong>Prot\u00e9ger.\u00a0<\/strong><\/li>\n<\/ul>\n<p><strong><em>Facile d\u2019utilisation et \u00e0 mettre en place sur le bassin<\/em><\/strong>. Il peut \u00eatre utilis\u00e9 et manipul\u00e9 plusieurs fois dans la journ\u00e9e en cas de coup de vent, pouvant amener des polluants dans votre bassin. Ce qui ne sera pas forcement le cas avec un autre syst\u00e8me plus contraignant \u00e0 l&rsquo;usage .<\/p>\n<ul>\n<li><strong>Conserver la chaleur.<\/strong><\/li>\n<\/ul>\n<p>C&rsquo;est <em><strong>v\u00e9ritable isolant entre l&rsquo;eau de la piscine et l&rsquo;air ext\u00e9rieur<\/strong><\/em>, gr\u00e2ce \u00e0 l&rsquo;air contenant dans les lames du volet. Il vous permettra ainsi de conserver la chaleur accumuler la journ\u00e9e et par votre syst\u00e8me de chauffage, lorsque les temp\u00e9ratures ext\u00e9rieures baissent.<\/p>\n<ul>\n<li><strong>Chauffer.<\/strong><\/li>\n<\/ul>\n<p>Certaines de nos gammes peuvent \u00eatre \u00e9quip\u00e9s de lames translucides qui apporteront de la chaleur \u00e0 votre piscine, et vous permettront un gain de temp\u00e9rature de l&rsquo;eau de la piscine.<\/p>\n<p>&nbsp;<\/p>\n<p><em><strong>Univers de la piscine travaille avec les plus grandes marques de volets<\/strong><\/em>, et peut vous proposer le volet automatique qui correspond \u00e0 votre piscine, et tr\u00e8s important \u00e9galement votre budget.<\/p>\n<p style=\"text-align: center;\">Exemple de volet Hors-sol<\/p>\n<p style=\"text-align: center;\">[powr-image-slider id=da42a2ec_1490945727264]<\/p>\n<p style=\"text-align: center;\">Exemple de volets immerg\u00e9s<\/p>\n<p style=\"text-align: center;\">[powr-image-slider id=80cc0105_1492499888007]<\/p>\n<p>&nbsp;<\/p>\n<p>&nbsp;<\/p>\n<p>&nbsp;<\/p>\n","protected":false},"excerpt":{"rendered":"<p>VOLET AUTOMATIQUE &nbsp; V\u00e9ritable \u00e9crin de votre piscine et c&rsquo;est la protection phare des piscines, notamment par son esth\u00e9tisme et \u00e0 sa discr\u00e9tion. De plus les atouts du volet automatique &#8230;<\/p>\n","protected":false},"author":1,"featured_media":0,"parent":0,"menu_order":0,"comment_status":"closed","ping_status":"closed","template":"","meta":{"jetpack_post_was_ever_published":false,"footnotes":""},"class_list":["post-345","page","type-page","status-publish","hentry"],"jetpack_sharing_enabled":true,"jetpack_shortlink":"https:\/\/wp.me\/P8yFWr-5z","jetpack-related-posts":[],"_links":{"self":[{"href":"https:\/\/universdelapiscine.com\/index.php\/wp-json\/wp\/v2\/pages\/345","targetHints":{"allow":["GET"]}}],"collection":[{"href":"https:\/\/universdelapiscine.com\/index.php\/wp-json\/wp\/v2\/pages"}],"about":[{"href":"https:\/\/universdelapiscine.com\/index.php\/wp-json\/wp\/v2\/types\/page"}],"author":[{"embeddable":true,"href":"https:\/\/universdelapiscine.com\/index.php\/wp-json\/wp\/v2\/users\/1"}],"replies":[{"embeddable":true,"href":"https:\/\/universdelapiscine.com\/index.php\/wp-json\/wp\/v2\/comments?post=345"}],"version-history":[{"count":2,"href":"https:\/\/universdelapiscine.com\/index.php\/wp-json\/wp\/v2\/pages\/345\/revisions"}],"predecessor-version":[{"id":356,"href":"https:\/\/universdelapiscine.com\/index.php\/wp-json\/wp\/v2\/pages\/345\/revisions\/356"}],"wp:attachment":[{"href":"https:\/\/universdelapiscine.com\/index.php\/wp-json\/wp\/v2\/media?parent=345"}],"curies":[{"name":"wp","href":"https:\/\/api.w.org\/{rel}","templated":true}]}}